{"id":5992,"date":"2019-04-03T17:17:31","date_gmt":"2019-04-03T14:17:31","guid":{"rendered":"http:\/\/burcuhali.com.tr\/mosque-carpets\/"},"modified":"2019-04-03T17:17:31","modified_gmt":"2019-04-03T14:17:31","slug":"mosque-carpets","status":"publish","type":"page","link":"https:\/\/burcuhali.com.tr\/en\/mosque-carpets\/","title":{"rendered":"MosQue Carpets"},"content":{"rendered":"<p>[vc_row rt_row_background_width=&#8221;fullwidth&#8221; rt_row_content_width=&#8221;default&#8221; rt_row_style=&#8221;default-style&#8221; rt_row_height=&#8221;&#8221; rt_column_gaps=&#8221;&#8221; rt_row_shadows=&#8221;&#8221; rt_row_borders=&#8221;&#8221; rt_bg_effect=&#8221;classic&#8221; rt_bg_image_repeat=&#8221;repeat&#8221; rt_bg_size=&#8221;cover&#8221; rt_bg_position=&#8221;right top&#8221; rt_bg_attachment=&#8221;scroll&#8221; rt_bg_layer=&#8221;&#8221; rt_bg_video_format=&#8221;self-hosted&#8221;][vc_column width=&#8221;1\/2&#8243; rt_bg_effect=&#8221;classic&#8221; rt_bg_image_repeat=&#8221;repeat&#8221; rt_bg_size=&#8221;auto auto&#8221; rt_bg_position=&#8221;right top&#8221; rt_bg_attachment=&#8221;scroll&#8221;][vc_column_text]<strong>The mosque carpet should have a color and pattern that will support the architectural structure in the mosque and make it look richer.<\/strong>[\/vc_column_text][vc_column_text]For this reason, carpet selection should not be chosen randomly, carpet harmony with the architectural structure should not be ignored. Another important factor in the mosque carpets is that carpets should not be of a sliding type. Otherwise, people may be distracted during worship, and even more negative people\/people may face situations such as falling and people\/people may experience accidents such as breaking and getting hurt.<\/p>\n<p>Since the mosque carpet is under heavy pedestrian traffic, the carpet must have long life, durable against wear, and not deformed immediately. If the carpet does not have these properties, the carpet will become unusable in a short period of time, but it will cause people to deal with the waste of material and the re-coating of carpets.<\/p>\n<p>One of the features that should be carpet carpet thermal insulation is doing. This feature in the carpet heating energy (natural gas, air conditioner, etc.)) makes it available at a minimum level and contributes to overall energy saving.<\/p>\n<p>[\/vc_column_text][\/vc_column][vc_column width=&#8221;1\/2&#8243; rt_bg_effect=&#8221;classic&#8221; rt_bg_image_repeat=&#8221;repeat&#8221; rt_bg_size=&#8221;auto auto&#8221; rt_bg_position=&#8221;right top&#8221; rt_bg_attachment=&#8221;scroll&#8221;][vc_single_image image=&#8221;4794&#8243; img_size=&#8221;full&#8221;][\/vc_column][\/vc_row][vc_row rt_row_background_width=&#8221;fullwidth&#8221; rt_row_content_width=&#8221;default&#8221; rt_row_style=&#8221;default-style&#8221; rt_row_height=&#8221;&#8221; rt_column_gaps=&#8221;&#8221; rt_row_shadows=&#8221;&#8221; rt_row_borders=&#8221;&#8221; rt_bg_effect=&#8221;classic&#8221; rt_bg_image_repeat=&#8221;repeat&#8221; rt_bg_size=&#8221;cover&#8221; rt_bg_position=&#8221;right top&#8221; rt_bg_attachment=&#8221;scroll&#8221; rt_bg_layer=&#8221;&#8221; rt_bg_video_format=&#8221;self-hosted&#8221;][vc_column rt_bg_effect=&#8221;classic&#8221; rt_bg_image_repeat=&#8221;repeat&#8221; rt_bg_size=&#8221;auto auto&#8221; rt_bg_position=&#8221;right top&#8221; rt_bg_attachment=&#8221;scroll&#8221;]<div class=\"rt-heading-wrapper text-center mobile-text-center rt-3803763\">\n\t\t\t\t\t\t<p class=\"type4 rt-heading primary-color body-font\" >Gallery<\/p>\n\t\t\t\t\t<\/div>[vc_column_text]<\/p>\n<p style=\"text-align: center;\"><em class=\"brz-cp-color7\" style=\"font-style: italic; color: #73777f; font-family: Montserrat, sans-serif; font-size: 18px; font-weight: 400;\">MosQue Carpets Application Portfolio<\/em><\/p>\n<p>[\/vc_column_text]\t \n\t\t<div  class=\"photo_gallery rt_lightbox_gallery \">\n\t\t\t<div class=\"row fixed_heights\">\n\t\t<div  class=\"col col-sm-3 \"> \t\t\n \t\t\t<div class=\"gallery-image-wrapper\"><a id=\"lightbox-344158\" class=\"imgeffect zoom\" data-gal-id=\"335792\" data-rel=\"rt_lightbox\" title=\"\" data-sub-html=\"\" data-src=\"\" data-width=\"\" data-height=\"\" data-poster=\"\" data-autoplay=\"\" data-audiotitle=\"\" data-download-url=\"false\" href=\"https:\/\/burcuhali.com.tr\/wp-content\/uploads\/2019\/04\/MOSQUE-CARPETS-CAM\u0130-HALISI-1.jpg\"><img wpfc-lazyload-disable=\"true\" src=\"https:\/\/burcuhali.com.tr\/wp-content\/uploads\/2019\/04\/MOSQUE-CARPETS-CAM\u0130-HALISI-1-480x480.jpg\" alt=\"\" class=\"img-responsive\"><\/a><\/div>\n \t\t\t\n\t\t<\/div>\n\t\n\t\t<div  class=\"col col-sm-3 \"> \t\t\n \t\t\t<div class=\"gallery-image-wrapper\"><a id=\"lightbox-363418\" class=\"imgeffect zoom\" data-gal-id=\"335792\" data-rel=\"rt_lightbox\" title=\"\" data-sub-html=\"\" data-src=\"\" data-width=\"\" data-height=\"\" data-poster=\"\" data-autoplay=\"\" data-audiotitle=\"\" data-download-url=\"false\" href=\"https:\/\/burcuhali.com.tr\/wp-content\/uploads\/2019\/04\/MOSQUE-CARPETS-CAM\u0130-HALISI-2.jpg\"><img wpfc-lazyload-disable=\"true\" src=\"https:\/\/burcuhali.com.tr\/wp-content\/uploads\/2019\/04\/MOSQUE-CARPETS-CAM\u0130-HALISI-2-480x480.jpg\" alt=\"\" class=\"img-responsive\"><\/a><\/div>\n \t\t\t\n\t\t<\/div>\n\t\n\t\t<div  class=\"col col-sm-3 \"> \t\t\n \t\t\t<div class=\"gallery-image-wrapper\"><a id=\"lightbox-971237\" class=\"imgeffect zoom\" data-gal-id=\"335792\" data-rel=\"rt_lightbox\" title=\"\" data-sub-html=\"\" data-src=\"\" data-width=\"\" data-height=\"\" data-poster=\"\" data-autoplay=\"\" data-audiotitle=\"\" data-download-url=\"false\" href=\"https:\/\/burcuhali.com.tr\/wp-content\/uploads\/2019\/04\/MOSQUE-CARPETS-CAM\u0130-HALISI-3.jpg\"><img wpfc-lazyload-disable=\"true\" src=\"https:\/\/burcuhali.com.tr\/wp-content\/uploads\/2019\/04\/MOSQUE-CARPETS-CAM\u0130-HALISI-3-480x480.jpg\" alt=\"\" class=\"img-responsive\"><\/a><\/div>\n \t\t\t\n\t\t<\/div>\n\t\n\t\t<div  class=\"col col-sm-3 \"> \t\t\n \t\t\t<div class=\"gallery-image-wrapper\"><a id=\"lightbox-313562\" class=\"imgeffect zoom\" data-gal-id=\"335792\" data-rel=\"rt_lightbox\" title=\"\" data-sub-html=\"\" data-src=\"\" data-width=\"\" data-height=\"\" data-poster=\"\" data-autoplay=\"\" data-audiotitle=\"\" data-download-url=\"false\" href=\"https:\/\/burcuhali.com.tr\/wp-content\/uploads\/2019\/04\/MOSQUE-CARPETS-CAM\u0130-HALISI-4.jpg\"><img wpfc-lazyload-disable=\"true\" src=\"https:\/\/burcuhali.com.tr\/wp-content\/uploads\/2019\/04\/MOSQUE-CARPETS-CAM\u0130-HALISI-4-480x480.jpg\" alt=\"\" class=\"img-responsive\"><\/a><\/div>\n \t\t\t\n\t\t<\/div>\n\t<\/div><div class=\"row fixed_heights\">\n\t\t<div  class=\"col col-sm-3 \"> \t\t\n \t\t\t<div class=\"gallery-image-wrapper\"><a id=\"lightbox-562314\" class=\"imgeffect zoom\" data-gal-id=\"335792\" data-rel=\"rt_lightbox\" title=\"\" data-sub-html=\"\" data-src=\"\" data-width=\"\" data-height=\"\" data-poster=\"\" data-autoplay=\"\" data-audiotitle=\"\" data-download-url=\"false\" href=\"https:\/\/burcuhali.com.tr\/wp-content\/uploads\/2019\/04\/MOSQUE-CARPETS-CAM\u0130-HALISI-5-g\u00f6r\u00fcnt\u00fc-bozuk.jpg\"><img wpfc-lazyload-disable=\"true\" src=\"https:\/\/burcuhali.com.tr\/wp-content\/uploads\/2019\/04\/MOSQUE-CARPETS-CAM\u0130-HALISI-5-g\u00f6r\u00fcnt\u00fc-bozuk-480x480.jpg\" alt=\"\" class=\"img-responsive\"><\/a><\/div>\n \t\t\t\n\t\t<\/div>\n\t\n\t\t<div  class=\"col col-sm-3 \"> \t\t\n \t\t\t<div class=\"gallery-image-wrapper\"><a id=\"lightbox-618666\" class=\"imgeffect zoom\" data-gal-id=\"335792\" data-rel=\"rt_lightbox\" title=\"\" data-sub-html=\"\" data-src=\"\" data-width=\"\" data-height=\"\" data-poster=\"\" data-autoplay=\"\" data-audiotitle=\"\" data-download-url=\"false\" href=\"https:\/\/burcuhali.com.tr\/wp-content\/uploads\/2019\/04\/MOSQUE-CARPETS-CAM\u0130-HALISI-6-g\u00f6r\u00fcnt\u00fc-bozuk.jpg\"><img wpfc-lazyload-disable=\"true\" src=\"https:\/\/burcuhali.com.tr\/wp-content\/uploads\/2019\/04\/MOSQUE-CARPETS-CAM\u0130-HALISI-6-g\u00f6r\u00fcnt\u00fc-bozuk-480x480.jpg\" alt=\"\" class=\"img-responsive\"><\/a><\/div>\n \t\t\t\n\t\t<\/div>\n\t\n\t\t<div  class=\"col col-sm-3 \"> \t\t\n \t\t\t<div class=\"gallery-image-wrapper\"><a id=\"lightbox-345420\" class=\"imgeffect zoom\" data-gal-id=\"335792\" data-rel=\"rt_lightbox\" title=\"\" data-sub-html=\"\" data-src=\"\" data-width=\"\" data-height=\"\" data-poster=\"\" data-autoplay=\"\" data-audiotitle=\"\" data-download-url=\"false\" href=\"https:\/\/burcuhali.com.tr\/wp-content\/uploads\/2019\/04\/MOSQUE-CARPETS-CAM\u0130-HALISI-7.jpg\"><img wpfc-lazyload-disable=\"true\" src=\"https:\/\/burcuhali.com.tr\/wp-content\/uploads\/2019\/04\/MOSQUE-CARPETS-CAM\u0130-HALISI-7-480x480.jpg\" alt=\"\" class=\"img-responsive\"><\/a><\/div>\n \t\t\t\n\t\t<\/div>\n\t\n\t\t<div  class=\"col col-sm-3 \"> \t\t\n \t\t\t<div class=\"gallery-image-wrapper\"><a id=\"lightbox-252397\" class=\"imgeffect zoom\" data-gal-id=\"335792\" data-rel=\"rt_lightbox\" title=\"\" data-sub-html=\"\" data-src=\"\" data-width=\"\" data-height=\"\" data-poster=\"\" data-autoplay=\"\" data-audiotitle=\"\" data-download-url=\"false\" href=\"https:\/\/burcuhali.com.tr\/wp-content\/uploads\/2019\/04\/MOSQUE-CARPETS-CAM\u0130-HALISI-8-g\u00f6r\u00fcnt\u00fc-bozuk.jpg\"><img wpfc-lazyload-disable=\"true\" src=\"https:\/\/burcuhali.com.tr\/wp-content\/uploads\/2019\/04\/MOSQUE-CARPETS-CAM\u0130-HALISI-8-g\u00f6r\u00fcnt\u00fc-bozuk-480x480.jpg\" alt=\"\" class=\"img-responsive\"><\/a><\/div>\n \t\t\t\n\t\t<\/div>\n\t<\/div><div class=\"row fixed_heights\">\n\t\t<div  class=\"col col-sm-3 \"> \t\t\n \t\t\t<div class=\"gallery-image-wrapper\"><a id=\"lightbox-518354\" class=\"imgeffect zoom\" data-gal-id=\"335792\" data-rel=\"rt_lightbox\" title=\"\" data-sub-html=\"\" data-src=\"\" data-width=\"\" data-height=\"\" data-poster=\"\" data-autoplay=\"\" data-audiotitle=\"\" data-download-url=\"false\" href=\"https:\/\/burcuhali.com.tr\/wp-content\/uploads\/2019\/04\/MOSQUE-CARPETS-CAM\u0130-HALISI-9.jpg\"><img wpfc-lazyload-disable=\"true\" src=\"https:\/\/burcuhali.com.tr\/wp-content\/uploads\/2019\/04\/MOSQUE-CARPETS-CAM\u0130-HALISI-9-480x480.jpg\" alt=\"\" class=\"img-responsive\"><\/a><\/div>\n \t\t\t\n\t\t<\/div>\n\t<\/div>\n\t\t<\/div>\n\t[\/vc_column][\/vc_row][vc_row rt_row_background_width=&#8221;fullwidth&#8221; rt_row_content_width=&#8221;default&#8221; rt_row_style=&#8221;default-style&#8221; rt_row_height=&#8221;&#8221; rt_column_gaps=&#8221;&#8221; rt_row_shadows=&#8221;&#8221; rt_row_borders=&#8221;&#8221; rt_bg_effect=&#8221;classic&#8221; rt_bg_image_repeat=&#8221;repeat&#8221; rt_bg_size=&#8221;cover&#8221; rt_bg_position=&#8221;right top&#8221; rt_bg_attachment=&#8221;scroll&#8221; rt_bg_layer=&#8221;&#8221; rt_bg_video_format=&#8221;self-hosted&#8221; rt_class=&#8221;rt-5295413&#8243; rt_paddings=&#8221;45,45,,&#8221; rt_margins=&#8221;,,,&#8221; rt_content_margins=&#8221;,,,&#8221; rt_tablet_paddings=&#8221;,,,&#8221; rt_tablet_margins=&#8221;,,,&#8221; rt_tablet_content_margins=&#8221;,,,&#8221; rt_sp_paddings=&#8221;,,,&#8221; rt_sp_margins=&#8221;,,,&#8221; rt_sp_content_margins=&#8221;,,,&#8221;][vc_column width=&#8221;1\/2&#8243; rt_bg_effect=&#8221;classic&#8221; rt_bg_image_repeat=&#8221;repeat&#8221; rt_bg_size=&#8221;auto auto&#8221; rt_bg_position=&#8221;right top&#8221; rt_bg_attachment=&#8221;scroll&#8221;]<div class=\"button_wrapper  alignright\"><a href=\"http:\/\/burcuhali.com.tr\/wp-content\/uploads\/2019\/04\/HALI-DESEN\u0130.pdf\" target=\"_self\" title=\"DOWNLOAD CATALOG\" class=\"button_  style-1 medium rt-7217373\"><span><span class=\"button-icon icon-basic-download\"><\/span><span>DOWNLOAD CATALOG<\/span><\/span><\/a><\/div>[\/vc_column][vc_column width=&#8221;1\/2&#8243; rt_bg_effect=&#8221;classic&#8221; rt_bg_image_repeat=&#8221;repeat&#8221; rt_bg_size=&#8221;auto auto&#8221; rt_bg_position=&#8221;right top&#8221; rt_bg_attachment=&#8221;scroll&#8221;]<div class=\"button_wrapper  alignleft\"><a href=\"\" target=\"_self\" title=\"TECHNICAL DATA\" class=\"button_  style-2 medium rt-3654605\"><span><span class=\"button-icon icon-basic-download\"><\/span><span>TECHNICAL DATA<\/span><\/span><\/a><\/div>[\/vc_column][\/vc_row]<\/p>\n","protected":false},"excerpt":{"rendered":"<p>[vc_row rt_row_background_width=&#8221;fullwidth&#8221; rt_row_content_width=&#8221;default&#8221; rt_row_style=&#8221;default-style&#8221; rt_row_height=&#8221;&#8221; rt_column_gaps=&#8221;&#8221; rt_row_shadows=&#8221;&#8221; rt_row_borders=&#8221;&#8221; rt_bg_effect=&#8221;classic&#8221; rt_bg_image_repeat=&#8221;repeat&#8221; rt_bg_size=&#8221;cover&#8221; rt_bg_position=&#8221;right top&#8221; rt_bg_attachment=&#8221;scroll&#8221; rt_bg_layer=&#8221;&#8221; rt_bg_video_format=&#8221;self-hosted&#8221;][vc_column width=&#8221;1\/2&#8243; rt_bg_effect=&#8221;classic&#8221; rt_bg_image_repeat=&#8221;repeat&#8221; rt_bg_size=&#8221;auto auto&#8221; rt_bg_position=&#8221;right top&#8221; rt_bg_attachment=&#8221;scroll&#8221;][vc_column_text]The mosque carpet should have a color and pattern that will support the architectural structure in the mosque and make it look richer.[\/vc_column_text][vc_column_text]For this reason, carpet selection should not be chosen randomly, [&hellip;]<\/p>\n","protected":false},"author":1,"featured_media":0,"parent":0,"menu_order":0,"comment_status":"closed","ping_status":"closed","template":"","meta":[],"yoast_head":"<!-- This site is optimized with the Yoast SEO plugin v18.3 - https:\/\/yoast.com\/wordpress\/plugins\/seo\/ -->\n<title>MosQue Carpets - Burcu Hal\u0131 Parke ve Yap\u0131 Malzemeleri<\/title>\n<meta name=\"robots\" content=\"index, follow, max-snippet:-1, max-image-preview:large, max-video-preview:-1\" \/>\n<link rel=\"canonical\" href=\"https:\/\/burcuhali.com.tr\/en\/mosque-carpets\/\" \/>\n<meta property=\"og:locale\" content=\"en_US\" \/>\n<meta property=\"og:type\" content=\"article\" \/>\n<meta property=\"og:title\" content=\"MosQue Carpets - Burcu Hal\u0131 Parke ve Yap\u0131 Malzemeleri\" \/>\n<meta property=\"og:description\" content=\"[vc_row rt_row_background_width=&#8221;fullwidth&#8221; rt_row_content_width=&#8221;default&#8221; rt_row_style=&#8221;default-style&#8221; rt_row_height=&#8221;&#8221; rt_column_gaps=&#8221;&#8221; rt_row_shadows=&#8221;&#8221; rt_row_borders=&#8221;&#8221; rt_bg_effect=&#8221;classic&#8221; rt_bg_image_repeat=&#8221;repeat&#8221; rt_bg_size=&#8221;cover&#8221; rt_bg_position=&#8221;right top&#8221; rt_bg_attachment=&#8221;scroll&#8221; rt_bg_layer=&#8221;&#8221; rt_bg_video_format=&#8221;self-hosted&#8221;][vc_column width=&#8221;1\/2&#8243; rt_bg_effect=&#8221;classic&#8221; rt_bg_image_repeat=&#8221;repeat&#8221; rt_bg_size=&#8221;auto auto&#8221; rt_bg_position=&#8221;right top&#8221; rt_bg_attachment=&#8221;scroll&#8221;][vc_column_text]The mosque carpet should have a color and pattern that will support the architectural structure in the mosque and make it look richer.[\/vc_column_text][vc_column_text]For this reason, carpet selection should not be chosen randomly, [&hellip;]\" \/>\n<meta property=\"og:url\" content=\"https:\/\/burcuhali.com.tr\/en\/mosque-carpets\/\" \/>\n<meta property=\"og:site_name\" content=\"Burcu Hal\u0131 Parke ve Yap\u0131 Malzemeleri\" \/>\n<meta property=\"article:publisher\" content=\"https:\/\/www.facebook.com\/burcuzeminmarket\" \/>\n<meta name=\"twitter:card\" content=\"summary_large_image\" \/>\n<meta name=\"twitter:site\" content=\"@burcu_zemin\" \/>\n<meta name=\"twitter:label1\" content=\"Est. reading time\" \/>\n\t<meta name=\"twitter:data1\" content=\"4 minutes\" \/>\n<script type=\"application\/ld+json\" class=\"yoast-schema-graph\">{\"@context\":\"https:\/\/schema.org\",\"@graph\":[{\"@type\":\"Organization\",\"@id\":\"https:\/\/burcuhali.com.tr\/#organization\",\"name\":\"Burcu Carpet\",\"url\":\"https:\/\/burcuhali.com.tr\/\",\"sameAs\":[\"https:\/\/www.facebook.com\/burcuzeminmarket\",\"https:\/\/www.instagram.com\/burcuzemin\/\",\"https:\/\/twitter.com\/burcu_zemin\"],\"logo\":{\"@type\":\"ImageObject\",\"@id\":\"https:\/\/burcuhali.com.tr\/#logo\",\"inLanguage\":\"en-US\",\"url\":\"http:\/\/burcuhali.com.tr\/wp-content\/uploads\/2019\/04\/logo.png\",\"contentUrl\":\"http:\/\/burcuhali.com.tr\/wp-content\/uploads\/2019\/04\/logo.png\",\"width\":112,\"height\":83,\"caption\":\"Burcu Carpet\"},\"image\":{\"@id\":\"https:\/\/burcuhali.com.tr\/#logo\"}},{\"@type\":\"WebSite\",\"@id\":\"https:\/\/burcuhali.com.tr\/#website\",\"url\":\"https:\/\/burcuhali.com.tr\/\",\"name\":\"Burcu Carpet Parquet and Building Materials\",\"description\":\"\",\"publisher\":{\"@id\":\"https:\/\/burcuhali.com.tr\/#organization\"},\"potentialAction\":[{\"@type\":\"SearchAction\",\"target\":{\"@type\":\"EntryPoint\",\"urlTemplate\":\"https:\/\/burcuhali.com.tr\/?s={search_term_string}\"},\"query-input\":\"required name=search_term_string\"}],\"inLanguage\":\"en-US\"},{\"@type\":\"WebPage\",\"@id\":\"https:\/\/burcuhali.com.tr\/en\/mosque-carpets\/#webpage\",\"url\":\"https:\/\/burcuhali.com.tr\/en\/mosque-carpets\/\",\"name\":\"MosQue Carpets - Burcu Hal\u0131 Parke ve Yap\u0131 Malzemeleri\",\"isPartOf\":{\"@id\":\"https:\/\/burcuhali.com.tr\/#website\"},\"datePublished\":\"2019-04-03T14:17:31+00:00\",\"dateModified\":\"2019-04-03T14:17:31+00:00\",\"breadcrumb\":{\"@id\":\"https:\/\/burcuhali.com.tr\/en\/mosque-carpets\/#breadcrumb\"},\"inLanguage\":\"en-US\",\"potentialAction\":[{\"@type\":\"ReadAction\",\"target\":[\"https:\/\/burcuhali.com.tr\/en\/mosque-carpets\/\"]}]},{\"@type\":\"BreadcrumbList\",\"@id\":\"https:\/\/burcuhali.com.tr\/en\/mosque-carpets\/#breadcrumb\",\"itemListElement\":[{\"@type\":\"ListItem\",\"position\":1,\"name\":\"Ana sayfa\",\"item\":\"https:\/\/burcuhali.com.tr\/en\/\"},{\"@type\":\"ListItem\",\"position\":2,\"name\":\"MosQue Carpets\"}]}]}<\/script>\n<!-- \/ Yoast SEO plugin. -->","yoast_head_json":{"title":"MosQue Carpets - Burcu Hal\u0131 Parke ve Yap\u0131 Malzemeleri","robots":{"index":"index","follow":"follow","max-snippet":"max-snippet:-1","max-image-preview":"max-image-preview:large","max-video-preview":"max-video-preview:-1"},"canonical":"https:\/\/burcuhali.com.tr\/en\/mosque-carpets\/","og_locale":"en_US","og_type":"article","og_title":"MosQue Carpets - Burcu Hal\u0131 Parke ve Yap\u0131 Malzemeleri","og_description":"[vc_row rt_row_background_width=&#8221;fullwidth&#8221; rt_row_content_width=&#8221;default&#8221; rt_row_style=&#8221;default-style&#8221; rt_row_height=&#8221;&#8221; rt_column_gaps=&#8221;&#8221; rt_row_shadows=&#8221;&#8221; rt_row_borders=&#8221;&#8221; rt_bg_effect=&#8221;classic&#8221; rt_bg_image_repeat=&#8221;repeat&#8221; rt_bg_size=&#8221;cover&#8221; rt_bg_position=&#8221;right top&#8221; rt_bg_attachment=&#8221;scroll&#8221; rt_bg_layer=&#8221;&#8221; rt_bg_video_format=&#8221;self-hosted&#8221;][vc_column width=&#8221;1\/2&#8243; rt_bg_effect=&#8221;classic&#8221; rt_bg_image_repeat=&#8221;repeat&#8221; rt_bg_size=&#8221;auto auto&#8221; rt_bg_position=&#8221;right top&#8221; rt_bg_attachment=&#8221;scroll&#8221;][vc_column_text]The mosque carpet should have a color and pattern that will support the architectural structure in the mosque and make it look richer.[\/vc_column_text][vc_column_text]For this reason, carpet selection should not be chosen randomly, [&hellip;]","og_url":"https:\/\/burcuhali.com.tr\/en\/mosque-carpets\/","og_site_name":"Burcu Hal\u0131 Parke ve Yap\u0131 Malzemeleri","article_publisher":"https:\/\/www.facebook.com\/burcuzeminmarket","twitter_card":"summary_large_image","twitter_site":"@burcu_zemin","twitter_misc":{"Est. reading time":"4 minutes"},"schema":{"@context":"https:\/\/schema.org","@graph":[{"@type":"Organization","@id":"https:\/\/burcuhali.com.tr\/#organization","name":"Burcu Carpet","url":"https:\/\/burcuhali.com.tr\/","sameAs":["https:\/\/www.facebook.com\/burcuzeminmarket","https:\/\/www.instagram.com\/burcuzemin\/","https:\/\/twitter.com\/burcu_zemin"],"logo":{"@type":"ImageObject","@id":"https:\/\/burcuhali.com.tr\/#logo","inLanguage":"en-US","url":"http:\/\/burcuhali.com.tr\/wp-content\/uploads\/2019\/04\/logo.png","contentUrl":"http:\/\/burcuhali.com.tr\/wp-content\/uploads\/2019\/04\/logo.png","width":112,"height":83,"caption":"Burcu Carpet"},"image":{"@id":"https:\/\/burcuhali.com.tr\/#logo"}},{"@type":"WebSite","@id":"https:\/\/burcuhali.com.tr\/#website","url":"https:\/\/burcuhali.com.tr\/","name":"Burcu Carpet Parquet and Building Materials","description":"","publisher":{"@id":"https:\/\/burcuhali.com.tr\/#organization"},"potentialAction":[{"@type":"SearchAction","target":{"@type":"EntryPoint","urlTemplate":"https:\/\/burcuhali.com.tr\/?s={search_term_string}"},"query-input":"required name=search_term_string"}],"inLanguage":"en-US"},{"@type":"WebPage","@id":"https:\/\/burcuhali.com.tr\/en\/mosque-carpets\/#webpage","url":"https:\/\/burcuhali.com.tr\/en\/mosque-carpets\/","name":"MosQue Carpets - Burcu Hal\u0131 Parke ve Yap\u0131 Malzemeleri","isPartOf":{"@id":"https:\/\/burcuhali.com.tr\/#website"},"datePublished":"2019-04-03T14:17:31+00:00","dateModified":"2019-04-03T14:17:31+00:00","breadcrumb":{"@id":"https:\/\/burcuhali.com.tr\/en\/mosque-carpets\/#breadcrumb"},"inLanguage":"en-US","potentialAction":[{"@type":"ReadAction","target":["https:\/\/burcuhali.com.tr\/en\/mosque-carpets\/"]}]},{"@type":"BreadcrumbList","@id":"https:\/\/burcuhali.com.tr\/en\/mosque-carpets\/#breadcrumb","itemListElement":[{"@type":"ListItem","position":1,"name":"Ana sayfa","item":"https:\/\/burcuhali.com.tr\/en\/"},{"@type":"ListItem","position":2,"name":"MosQue Carpets"}]}]}},"_links":{"self":[{"href":"https:\/\/burcuhali.com.tr\/en\/wp-json\/wp\/v2\/pages\/5992"}],"collection":[{"href":"https:\/\/burcuhali.com.tr\/en\/wp-json\/wp\/v2\/pages"}],"about":[{"href":"https:\/\/burcuhali.com.tr\/en\/wp-json\/wp\/v2\/types\/page"}],"author":[{"embeddable":true,"href":"https:\/\/burcuhali.com.tr\/en\/wp-json\/wp\/v2\/users\/1"}],"replies":[{"embeddable":true,"href":"https:\/\/burcuhali.com.tr\/en\/wp-json\/wp\/v2\/comments?post=5992"}],"version-history":[{"count":0,"href":"https:\/\/burcuhali.com.tr\/en\/wp-json\/wp\/v2\/pages\/5992\/revisions"}],"wp:attachment":[{"href":"https:\/\/burcuhali.com.tr\/en\/wp-json\/wp\/v2\/media?parent=5992"}],"curies":[{"name":"wp","href":"https:\/\/api.w.org\/{rel}","templated":true}]}}