{"id":5999,"date":"2019-04-04T15:57:57","date_gmt":"2019-04-04T12:57:57","guid":{"rendered":"http:\/\/burcuhali.com.tr\/references\/"},"modified":"2022-03-04T17:13:53","modified_gmt":"2022-03-04T14:13:53","slug":"references","status":"publish","type":"page","link":"https:\/\/burcuhali.com.tr\/en\/references\/","title":{"rendered":"REFERENCES"},"content":{"rendered":"<p>[vc_row rt_row_background_width=&#8221;fullwidth&#8221; rt_row_content_width=&#8221;default&#8221; rt_row_style=&#8221;default-style&#8221; rt_row_height=&#8221;&#8221; rt_column_gaps=&#8221;&#8221; rt_row_shadows=&#8221;&#8221; rt_row_borders=&#8221;&#8221; rt_bg_effect=&#8221;classic&#8221; rt_bg_image_repeat=&#8221;repeat&#8221; rt_bg_size=&#8221;cover&#8221; rt_bg_position=&#8221;right top&#8221; rt_bg_attachment=&#8221;scroll&#8221; rt_bg_layer=&#8221;&#8221; rt_bg_video_format=&#8221;self-hosted&#8221;][vc_column rt_bg_effect=&#8221;classic&#8221; rt_bg_image_repeat=&#8221;repeat&#8221; rt_bg_size=&#8221;auto auto&#8221; rt_bg_position=&#8221;right top&#8221; rt_bg_attachment=&#8221;scroll&#8221;][vc_gallery type=&#8221;image_grid&#8221; images=&#8221;5019,5020,5021,5022,5023,5024,5025,5026,5027,5028,5029,5030,5031,5032,5033,5034,5035,5036,5037,5038,5039,5040,5041,5042,5043,5044,5045,5046,5047,5048,5049,5050,5051,5052,5053,5054,5055,5056,5057,5058,5059,5060,5061,5062,5063,5064,5065,5066,5067,5068,5069,5070,5071,5072,5073,5074,5075,5076,5077,5078,5079,5080,5081,5082,5083,5084,5085,5086,5087,5088,8122&#8243; img_size=&#8221;175&#215;175&#8243;][\/vc_column][\/vc_row][vc_row rt_row_background_width=&#8221;fullwidth&#8221; rt_row_content_width=&#8221;default&#8221; rt_row_style=&#8221;default-style&#8221; rt_row_height=&#8221;&#8221; rt_column_gaps=&#8221;&#8221; rt_row_shadows=&#8221;&#8221; rt_row_borders=&#8221;&#8221; rt_bg_effect=&#8221;classic&#8221; rt_bg_image_repeat=&#8221;repeat&#8221; rt_bg_size=&#8221;cover&#8221; rt_bg_position=&#8221;right top&#8221; rt_bg_attachment=&#8221;scroll&#8221; rt_bg_layer=&#8221;&#8221; rt_bg_video_format=&#8221;self-hosted&#8221;][vc_column rt_bg_effect=&#8221;classic&#8221; rt_bg_image_repeat=&#8221;repeat&#8221; rt_bg_size=&#8221;auto auto&#8221; rt_bg_position=&#8221;right top&#8221; rt_bg_attachment=&#8221;scroll&#8221;][vc_column_text]<\/p>\n<h3>REFERENCES<\/h3>\n<p>[\/vc_column_text][\/vc_column][\/vc_row][vc_row rt_row_background_width=&#8221;fullwidth&#8221; rt_row_content_width=&#8221;default&#8221; rt_row_style=&#8221;default-style&#8221; rt_row_height=&#8221;&#8221; rt_column_gaps=&#8221;&#8221; rt_row_shadows=&#8221;&#8221; rt_row_borders=&#8221;&#8221; rt_bg_effect=&#8221;classic&#8221; rt_bg_image_repeat=&#8221;repeat&#8221; rt_bg_size=&#8221;cover&#8221; rt_bg_position=&#8221;right top&#8221; rt_bg_attachment=&#8221;scroll&#8221; rt_bg_layer=&#8221;&#8221; rt_bg_video_format=&#8221;self-hosted&#8221;][vc_column width=&#8221;1\/2&#8243; rt_bg_effect=&#8221;classic&#8221; rt_bg_image_repeat=&#8221;repeat&#8221; rt_bg_size=&#8221;auto auto&#8221; rt_bg_position=&#8221;right top&#8221; rt_bg_attachment=&#8221;scroll&#8221;][vc_column_text]\u2022 AKTAU HOTEL KAZAK\u0130STAN 7 YILDIZLI&#8211;12 500 M2<br \/>\n\u2022 SW\u0130SS GRAND EFES HOTEL &#8211; \u0130ZM\u0130R&#8211;18 100 m2<br \/>\n\u2022 A\u011eAO\u011eLU MY MOUNTAIN HOTEL &#8211; ULUDA\u011e-1000<br \/>\n\u2022 A\u011eAO\u011eLU MY CITY HOTEL &#8211; \u00dcMRAN\u0130YE- 2000 m2<br \/>\n\u2022 ARYA HOTELS GROUP &#8211; \u0130RAN&#8211;2500 m2<br \/>\n\u2022 HOLIDAY INN HOTEL &#8211; TUZLA&#8211;7500 m2<br \/>\n\u2022 FOUR SEASONS HOTEL &#8211; SULTANAHMET&#8211;650 m2<br \/>\n\u2022 TAKS\u0130M CVK PARK BOSPHORUS- 1480 m2<br \/>\n\u2022 DEDEMAN HOTEL &#8211; GAZ\u0130ANTEP 600 M2<br \/>\n\u2022 MARTI OTEL &#8211; TAKS\u0130M-900 M2<br \/>\n\u2022 RAMADA OTEL \u2013 BAK\u00dc&#8212;2600 m2<br \/>\n\u2022 RAMADA OTEL \u2013 \u015eEKERPINAR** 2400 m2<br \/>\n\u2022 RAMADA OTEL &#8211; TEK\u0130RDA\u011e * 6500 m2<br \/>\n\u2022 SHERATON HOTEL &#8211; ADANA&#8211;400 M2<br \/>\n\u2022 SUHAN CAPPADOCIA HOTEL -NEV\u015eEH\u0130R&#8211;3000 M2<br \/>\n\u2022 SAB\u0130HA G\u00d6K\u00c7EN HAVAALANI OTEL\u0130<br \/>\n\u2022 SULTASA HOTEL \u2013 MERS\u0130N&#8211;6500 M2<br \/>\n\u2022 MARPESSA BEACH HOTEL &#8211; MERS\u0130N<br \/>\n\u2022 SURA HOTEL &#8211; SULTANAHMET<br \/>\n\u2022 HEGZAGON OTEL &#8211; BAYRAMO\u011eLU&#8211;2500 M2<br \/>\n\u2022 G\u00dcNE\u015e HOTEL \u2013 MERTER&#8211;2400 M2<br \/>\n\u2022 MART\u0130NEZ HOTEL \u2013 LALEL\u0130-3000 M2<br \/>\n\u2022 K\u0130L\u0130M OTEL &#8211; FINDIKZADE<br \/>\n\u2022 KLASS HOTEL \u2013 LALEL\u0130- 2250 M2<br \/>\n\u2022 NORTH DOOR HOTEL \u2013 AMASRA<br \/>\n\u2022 ADENBEACH &amp; EDEN GARDEN OTEL \u2013 \u00c7ANAKKALE<br \/>\n\u2022 \u0130NANLAR \u0130N\u015eAAT \u2013 TERRACE L\u0130DO<br \/>\n\u2022 \u0130NANLAR \u0130N\u015eAAT \u2013 TERRACE VAD\u0130<br \/>\n\u2022 \u0130NANLAR \u0130N\u015eAAT \u2013 TERRACE DO\u011eA<br \/>\n\u2022 \u0130NANLAR TERRACE M\u0130X &#8211; 7500 M2-930 DA\u0130RE<br \/>\n\u2022 \u0130NANLAR \u0130N\u015eAAT \u2013 TERRACE FER\u0130<br \/>\n\u2022 \u0130NANLAR \u0130N\u015eAAT \u2013 TERRACE FULYA<br \/>\n\u2022 \u0130NANLAR \u0130N\u015eAAT \u2013 TERRACE TEMA&#8211;3500 M2<br \/>\n\u2022 \u0130NANLAR \u0130N\u015eAAT \u2013 TERRACE KORU<br \/>\n\u2022 \u0130STANBUL HAVAL\u0130MANI \u2013 HAVA\u015e MERKEZ B\u0130NASI<br \/>\n\u2022 \u0130STANBUL HAVAL\u0130MANI \u015eANT\u0130YE PERSONEL ODALAR<br \/>\n\u2022 \u0130ZM\u0130R HAVAL\u0130MANI \u2013 DI\u015e HATLAR TERM\u0130NALI<br \/>\n\u2022 DHY DEVLET HAVA MEYDANI \u0130\u015eLETMES\u0130 YE\u015e\u0130LK\u00d6Y<br \/>\n\u2022 \u0130STANBUL HAVAYOLLARI GEN M\u00dcD. VE \u015eUBELER\u0130<br \/>\n\u2022 BORAJET \u2013 SAB\u0130HA G\u00d6K\u00c7EN HAVAALANI OF\u0130S\u0130<br \/>\n\u2022 SAB\u0130HA G\u00d6K\u00c7EN HAVAALANI \u2013 KULE VE V\u0130P SALONU<br \/>\n\u2022 PEGASUS HAVAYOLLARI GENEL M\u00dcD\u00dcRL\u00dcK<br \/>\n\u2022 T.C. Z\u0130RAAT BANKASI \u015eUBELER\u0130<br \/>\n\u2022 TEKST\u0130LBANK \u015eUBELER\u0130<br \/>\n\u2022 GARANT\u0130 BANKASI \u015eUBELER\u0130<br \/>\n\u2022 VAKIFBANK \u015eUBELER\u0130<br \/>\n\u2022 INGBANK GENEL M\u00dcD\u00dcRL\u00dcK<br \/>\n\u2022 BURGANBANK \u2013 LEVENT<br \/>\n\u2022 T\u00dcRK\u0130YE \u0130\u015e BANKASI \u015eUBELER\u0130<br \/>\n\u2022 T\u00dcRK\u0130YE \u0130\u015e BANKASI &#8211; \u0130\u015e YATIRIM GENEL M\u00dcD.<br \/>\n\u2022 KOLEKS\u0130YON MOB\u0130LYA GENEL M\u00dcD\u00dcRL\u00dcK B\u0130NASI<br \/>\n\u2022 CUKUROVA TOWER &#8211; KARTAL<br \/>\n\u2022 BAK\u00dc &#8211; AZ\u0130NKO \u0130\u015e MERKEZ\u0130<br \/>\n\u2022 YTONG GENEL M\u00dcD\u00dcRL\u00dcK B\u0130NASI<br \/>\n\u2022 RINGS AVM \u2013 SAMANDIRA<br \/>\n\u2022 MAKRO \u0130N\u015eAAT &#8211; FB ORDUEV\u0130 GENERAL EVLER\u0130<br \/>\n\u2022 T\u00dcRK\u0130YE JOKEY KUL\u00dcB\u00dc<br \/>\n\u2022 CEZAY\u0130R GRAND MOSQUE \/ KAYI HOLD\u0130NG<br \/>\n\u2022 CEZAY\u0130R KONSOLOSLU\u011eU<br \/>\n\u2022 KAVACIK DOKTORLAR S\u0130TES\u0130<br \/>\n\u2022 EK\u0130NC\u0130LER \u0130N\u015eAAT \u2013 G\u00d6ZTEPE RES\u0130DENCE<br \/>\n\u2022 ORTADO\u011eU \u0130N\u015eAAT \u2013 RES\u0130M \u0130STANBUL<br \/>\n\u2022 MAKRO \u0130N\u015eAAT &#8211; KAYA\u015eEH\u0130R PROJE<br \/>\n\u2022 CLUB MED FRANSIZ TAT\u0130L K\u00d6Y\u00dc<br \/>\n\u2022 HALDIZ \u0130N\u015eAAT \u2013 SULTANBEYL\u0130<br \/>\n\u2022 FENERBAH\u00c7E &#8211; \u00dcLKER SPORTS ARENA<br \/>\n\u2022 FB. FENERBAH\u00c7E FARUK ILGAZ TES\u0130SLER\u0130<br \/>\n\u2022 BJK. NEVZAT DEM\u0130R TES\u0130SLER\u0130<br \/>\n\u2022 ARKAS HOLD\u0130NG &#8211; DEN\u0130ZC\u0130L\u0130K<br \/>\n\u2022 TEKFEN HOLD\u0130NG GENEL M\u00dcD\u00dcRL\u00dcK[\/vc_column_text][\/vc_column][vc_column width=&#8221;1\/2&#8243; rt_bg_effect=&#8221;classic&#8221; rt_bg_image_repeat=&#8221;repeat&#8221; rt_bg_size=&#8221;auto auto&#8221; rt_bg_position=&#8221;right top&#8221; rt_bg_attachment=&#8221;scroll&#8221;][vc_column_text]\u2022 CUMHURBA\u015eKANI RECEP TAYY\u0130P ERDO\u011eAN EV\u0130<br \/>\n\u2022 AZERBAYCAN CUMHURBA\u015eKANLI\u011eI SARAYI<br \/>\n\u2022 1.AVRUPA OL\u0130MP\u0130YATL. SPOR SALONU \u2013 BAK\u00dc-3600 M2<br \/>\n\u2022 \u0130.M.K.B BORSA B\u0130NASI&#8211;2400 M2<br \/>\n\u2022 G\u00dcRC\u0130STAN T\u0130FL\u0130S BASKETBOL SALONU \u2013 2 ADET-3500M<br \/>\n\u2022 AND PROJE &#8211; TEPE \u0130N\u015eAAT &#8211;34 KAT ( LEED SERT\u0130F\u0130KA )<br \/>\n\u2022 TOPKAPI SARAYI &#8211; RESTAURANT<br \/>\n\u2022 BUYAKA AVM \u2013 \u00dcMRAN\u0130YE&#8211;1600 M2<br \/>\n\u2022 N\u0130DA KULE &#8211; ATA\u015eEH\u0130R<br \/>\n\u2022 N\u0130DA \u0130N\u015eAAT \u2013 PALLADIUM AVM<br \/>\n\u2022 N\u0130DA \u0130N\u015eAAT &#8211; BEYL\u0130KD\u00dcZ\u00dc-Ve KAYASEHIR<br \/>\n\u2022 IST MARIN AVM&#8211;DAP YAPI<br \/>\n\u2022 N\u0130DA KULE \u2013 LEVENT OF\u0130S<br \/>\n\u2022 ESTA CONSTRUCTION \/SO\u00c7I-Gork\u0131y Gorod AVM<br \/>\n\u2022 BO\u011eAZ\u0130\u00c7\u0130 \u00dcN\u0130VERS\u0130TES\u0130<br \/>\n\u2022 \u0130STANBUL \u00dcN\u0130VERS\u0130TES\u0130 AVCILAR KAMP\u00dcS\u00dc<br \/>\n\u2022 MARMARA \u00dcN\u0130VERS\u0130TES\u0130 G\u00d6ZTEPE KAMP\u00dcS\u00dc<br \/>\n\u2022 MARMARA \u00dcN\u0130VERS\u0130TES\u0130 HAYDARPA\u015eA KAMP\u00dcS<br \/>\n\u2022 T.C. M\u0130MAR S\u0130NAN G\u00dcZEL SANATLAR \u00dcN\u0130VERS\u0130TES\u0130<br \/>\n\u2022 \u0130T\u00dc ISTANBUL TEKN\u0130K \u00dcN\u0130VERS\u0130TES\u0130<br \/>\n\u2022 YILDIZ TEKN\u0130K \u00dcN\u0130VERS\u0130TES\u0130<br \/>\n\u2022 \u0130BN\u0130 HALDUN \u00dcN\u0130VERS\u0130TES\u0130 \u2013 BA\u015eAK\u015eEH\u0130R<br \/>\n\u2022 \u0130STANBUL \u015eEH\u0130R \u00dcN\u0130VERS\u0130TES\u0130<br \/>\n\u2022 \u0130STANBUL AYDIN \u00dcN\u0130VERS\u0130TES\u0130<br \/>\n\u2022 \u0130STEK VAKFI OKULLARI<br \/>\n\u2022 KADOIL GENEL MERKEZ OF\u0130SLER\u0130<br \/>\n\u2022 PA\u015eABAH\u00c7E CAM FABR\u0130KALARI<br \/>\n\u2022 AQUA MANORS V\u0130LLALARI \u2013 \u00c7EKMEK\u00d6Y<br \/>\n\u2022 AVRUPA KONUTLARI &#8211; BA\u015eAK\u015eEH\u0130R PROJE<br \/>\n\u2022 AVRUPA KONUTLARI &#8211; HALKALI 4 KONUTLARI<br \/>\n\u2022 AKMERKEZ RESIDENCE<br \/>\n\u2022 ALLEBEN G\u00d6LET\u0130 \u2013 GAZ\u0130ANTEP<br \/>\n\u2022 TORUNLAR \u0130N\u015eAAT \u2013 5.LEVENT \u015eANT\u0130YE<br \/>\n\u2022 SOMFY T\u00dcRK\u0130YE GENEL M\u00dcD\u00dcRL\u00dc B\u0130NASI<br \/>\n\u2022 FER YAPI MAI RES\u0130DENCE &#8211; 250 DA\u0130RE<br \/>\n\u2022 FERYAPI \u0130STWEST PROJE &#8211; SOSYAL TES\u0130SLER\u0130<br \/>\n\u2022 FERYPAPI &#8211; I TOWER &#8211; BOMONT\u0130 &#8211; OF\u0130S B\u0130NASI<br \/>\n\u2022 FERYAPI &#8211; PARIMA PROJES\u0130 &#8211; 96 DA\u0130RE<br \/>\n\u2022 FERYAPI &#8211; PREMIER KAMPUS \u2013 KA\u011eITHANE<br \/>\n\u2022 \u00c7\u0130LEK MOB\u0130LYA \u2013 42 \u015eUBES\u0130<br \/>\n\u2022 KEMER COUNTRY G\u00d6L EVLER\u0130<br \/>\n\u2022 D\u00d6RT MEVS\u0130M \u00c7AMLIK S\u0130TES\u0130 \u2013 KAVACIK<br \/>\n\u2022 DOGA KOLEJLER\u0130 GENEL M\u00dcD\u00dcRL\u00dcK B\u0130NASI<br \/>\n\u2022 DO\u011eA KOLEJLER\u0130 26 \u015eUBE<br \/>\n\u2022 FENERBAH\u00c7E TV<br \/>\n\u2022 SHOW TV<br \/>\n\u2022 STAR TV<br \/>\n\u2022 AL CEZ\u0130RE T\u00dcRK \/ TV &#8211; CINE 5 TV<br \/>\n\u2022 Y\u0130MTA\u015e HONEYCOM PROJES\u0130<br \/>\n\u2022 ADANA PARK AVM<br \/>\n\u2022 BMW BORUSAN \u2013 SAMANDIRA TES\u0130SLER\u0130<br \/>\n\u2022 BORUSAN HOLD\u0130NG MERKEZ\u0130<br \/>\n\u2022 EGE YAPI &#8211; PEGA KARTAL PROJE<br \/>\n\u2022 OPEL OTOMOT\u0130V T\u00dcRK\u0130YE\u2019DEK\u0130 T\u00dcM PLAZALARI.<br \/>\n\u2022 PALLADIUM AVM &#8211; BRASSERIE POLONEZ<br \/>\n\u2022 HILLSIDE TRIO \u2013 ET\u0130LER &#8211; ATA\u015eEH\u0130R<br \/>\n\u2022 212 \u0130STANBUL AVM \u2013 G\u00dcNE\u015eL\u0130<br \/>\n\u2022 KADIKOY IHL. &#8211; FIBA ONAYLI BASKETBOL SALONU<br \/>\n\u2022 DANONE SA \u2013 GENEL M\u00dcD\u00dcRL\u00dcK B\u0130NASI<br \/>\n\u2022 ESAS HOLD\u0130NG \u2013 GENEL MERKEZ ( PEGASUS )<br \/>\n\u2022 ACIBADEM HASTANES\u0130<br \/>\n\u2022 MEMORIAL HASTANELER\u0130 ANKARA &#8211; ATASEH\u0130R<br \/>\n\u2022 BAYINDIR HASTANES\u0130 &#8211; CAFETERYA<br \/>\n\u2022 D\u0130VAN PASTANE \u2013 CAFETERYA<br \/>\n\u2022 MADO DONDURMA \u2013 WONDERLAND<br \/>\n\u2022 OFTON \u0130N\u015eAAT \u2013 \u015e\u0130\u015eL\u0130 RES\u0130DENCE &#8211; 256 DA\u0130RE<br \/>\n\u2022 HISTORIA AVM KELE\u015eO\u011eLU \u0130N\u015eAAT \u2013 FAT\u0130H<br \/>\n\u2022 G\u00dcL \u0130N\u015eAAT YALINEVLER<br \/>\n\u2022 KELE\u015eO\u011eLU \u0130N\u015eAAT \u2013 KEMERBURGAZ<br \/>\n\u2022 SIEMENS MERKEZ OF\u0130SLER\u0130<br \/>\n\u2022 AKTAU HOTEL KAZAK\u0130STAN 7 YILDIZLI 12.500 M2<br \/>\n\u2022 SWISS GRAND EFES HOTEL \u0130ZM\u0130R 18.100 M2<br \/>\n\u2022 A\u011eAO\u011eLU MY MOUNTA\u0130N HOTEL ULUDA\u011e 1000 M2<br \/>\n\u2022 A\u011eAO\u011eLU MY C\u0130TY HOTEL \u00dcMRAN\u0130YE 2000 M2<br \/>\n\u2022 ARYA HOTELS GROUP \u0130RAN 2500 M2[\/vc_column_text][\/vc_column][\/vc_row]<\/p>\n","protected":false},"excerpt":{"rendered":"<p>[vc_row rt_row_background_width=&#8221;fullwidth&#8221; rt_row_content_width=&#8221;default&#8221; rt_row_style=&#8221;default-style&#8221; rt_row_height=&#8221;&#8221; rt_column_gaps=&#8221;&#8221; rt_row_shadows=&#8221;&#8221; rt_row_borders=&#8221;&#8221; rt_bg_effect=&#8221;classic&#8221; rt_bg_image_repeat=&#8221;repeat&#8221; rt_bg_size=&#8221;cover&#8221; rt_bg_position=&#8221;right top&#8221; rt_bg_attachment=&#8221;scroll&#8221; rt_bg_layer=&#8221;&#8221; rt_bg_video_format=&#8221;self-hosted&#8221;][vc_column rt_bg_effect=&#8221;classic&#8221; rt_bg_image_repeat=&#8221;repeat&#8221; rt_bg_size=&#8221;auto auto&#8221; rt_bg_position=&#8221;right top&#8221; rt_bg_attachment=&#8221;scroll&#8221;][vc_gallery type=&#8221;image_grid&#8221; images=&#8221;5019,5020,5021,5022,5023,5024,5025,5026,5027,5028,5029,5030,5031,5032,5033,5034,5035,5036,5037,5038,5039,5040,5041,5042,5043,5044,5045,5046,5047,5048,5049,5050,5051,5052,5053,5054,5055,5056,5057,5058,5059,5060,5061,5062,5063,5064,5065,5066,5067,5068,5069,5070,5071,5072,5073,5074,5075,5076,5077,5078,5079,5080,5081,5082,5083,5084,5085,5086,5087,5088,8122&#8243; img_size=&#8221;175&#215;175&#8243;][\/vc_column][\/vc_row][vc_row rt_row_background_width=&#8221;fullwidth&#8221; rt_row_content_width=&#8221;default&#8221; rt_row_style=&#8221;default-style&#8221; rt_row_height=&#8221;&#8221; rt_column_gaps=&#8221;&#8221; rt_row_shadows=&#8221;&#8221; rt_row_borders=&#8221;&#8221; rt_bg_effect=&#8221;classic&#8221; rt_bg_image_repeat=&#8221;repeat&#8221; rt_bg_size=&#8221;cover&#8221; rt_bg_position=&#8221;right top&#8221; rt_bg_attachment=&#8221;scroll&#8221; rt_bg_layer=&#8221;&#8221; rt_bg_video_format=&#8221;self-hosted&#8221;][vc_column rt_bg_effect=&#8221;classic&#8221; rt_bg_image_repeat=&#8221;repeat&#8221; rt_bg_size=&#8221;auto auto&#8221; rt_bg_position=&#8221;right top&#8221; rt_bg_attachment=&#8221;scroll&#8221;][vc_column_text] REFERENCES [\/vc_column_text][\/vc_column][\/vc_row][vc_row rt_row_background_width=&#8221;fullwidth&#8221; rt_row_content_width=&#8221;default&#8221; rt_row_style=&#8221;default-style&#8221; rt_row_height=&#8221;&#8221; rt_column_gaps=&#8221;&#8221; [&hellip;]<\/p>\n","protected":false},"author":1,"featured_media":0,"parent":0,"menu_order":0,"comment_status":"closed","ping_status":"closed","template":"","meta":[],"yoast_head":"<!-- This site is optimized with the Yoast SEO plugin v18.3 - https:\/\/yoast.com\/wordpress\/plugins\/seo\/ -->\n<title>REFERENCES - Burcu Hal\u0131 Parke ve Yap\u0131 Malzemeleri<\/title>\n<meta name=\"robots\" content=\"index, follow, max-snippet:-1, max-image-preview:large, max-video-preview:-1\" \/>\n<link rel=\"canonical\" href=\"https:\/\/burcuhali.com.tr\/en\/references\/\" \/>\n<meta property=\"og:locale\" content=\"en_US\" \/>\n<meta property=\"og:type\" content=\"article\" \/>\n<meta property=\"og:title\" content=\"REFERENCES - Burcu Hal\u0131 Parke ve Yap\u0131 Malzemeleri\" \/>\n<meta property=\"og:description\" content=\"[vc_row rt_row_background_width=&#8221;fullwidth&#8221; rt_row_content_width=&#8221;default&#8221; rt_row_style=&#8221;default-style&#8221; rt_row_height=&#8221;&#8221; rt_column_gaps=&#8221;&#8221; rt_row_shadows=&#8221;&#8221; rt_row_borders=&#8221;&#8221; rt_bg_effect=&#8221;classic&#8221; rt_bg_image_repeat=&#8221;repeat&#8221; rt_bg_size=&#8221;cover&#8221; rt_bg_position=&#8221;right top&#8221; rt_bg_attachment=&#8221;scroll&#8221; rt_bg_layer=&#8221;&#8221; rt_bg_video_format=&#8221;self-hosted&#8221;][vc_column rt_bg_effect=&#8221;classic&#8221; rt_bg_image_repeat=&#8221;repeat&#8221; rt_bg_size=&#8221;auto auto&#8221; rt_bg_position=&#8221;right top&#8221; rt_bg_attachment=&#8221;scroll&#8221;][vc_gallery type=&#8221;image_grid&#8221; images=&#8221;5019,5020,5021,5022,5023,5024,5025,5026,5027,5028,5029,5030,5031,5032,5033,5034,5035,5036,5037,5038,5039,5040,5041,5042,5043,5044,5045,5046,5047,5048,5049,5050,5051,5052,5053,5054,5055,5056,5057,5058,5059,5060,5061,5062,5063,5064,5065,5066,5067,5068,5069,5070,5071,5072,5073,5074,5075,5076,5077,5078,5079,5080,5081,5082,5083,5084,5085,5086,5087,5088,8122&#8243; img_size=&#8221;175&#215;175&#8243;][\/vc_column][\/vc_row][vc_row rt_row_background_width=&#8221;fullwidth&#8221; rt_row_content_width=&#8221;default&#8221; rt_row_style=&#8221;default-style&#8221; rt_row_height=&#8221;&#8221; rt_column_gaps=&#8221;&#8221; rt_row_shadows=&#8221;&#8221; rt_row_borders=&#8221;&#8221; rt_bg_effect=&#8221;classic&#8221; rt_bg_image_repeat=&#8221;repeat&#8221; rt_bg_size=&#8221;cover&#8221; rt_bg_position=&#8221;right top&#8221; rt_bg_attachment=&#8221;scroll&#8221; rt_bg_layer=&#8221;&#8221; rt_bg_video_format=&#8221;self-hosted&#8221;][vc_column rt_bg_effect=&#8221;classic&#8221; rt_bg_image_repeat=&#8221;repeat&#8221; rt_bg_size=&#8221;auto auto&#8221; rt_bg_position=&#8221;right top&#8221; rt_bg_attachment=&#8221;scroll&#8221;][vc_column_text] REFERENCES [\/vc_column_text][\/vc_column][\/vc_row][vc_row rt_row_background_width=&#8221;fullwidth&#8221; rt_row_content_width=&#8221;default&#8221; rt_row_style=&#8221;default-style&#8221; rt_row_height=&#8221;&#8221; rt_column_gaps=&#8221;&#8221; [&hellip;]\" \/>\n<meta property=\"og:url\" content=\"https:\/\/burcuhali.com.tr\/en\/references\/\" \/>\n<meta property=\"og:site_name\" content=\"Burcu Hal\u0131 Parke ve Yap\u0131 Malzemeleri\" \/>\n<meta property=\"article:publisher\" content=\"https:\/\/www.facebook.com\/burcuzeminmarket\" \/>\n<meta property=\"article:modified_time\" content=\"2022-03-04T14:13:53+00:00\" \/>\n<meta name=\"twitter:card\" content=\"summary_large_image\" \/>\n<meta name=\"twitter:site\" content=\"@burcu_zemin\" \/>\n<meta name=\"twitter:label1\" content=\"Est. reading time\" \/>\n\t<meta name=\"twitter:data1\" content=\"6 minutes\" \/>\n<script type=\"application\/ld+json\" class=\"yoast-schema-graph\">{\"@context\":\"https:\/\/schema.org\",\"@graph\":[{\"@type\":\"Organization\",\"@id\":\"https:\/\/burcuhali.com.tr\/#organization\",\"name\":\"Burcu Carpet\",\"url\":\"https:\/\/burcuhali.com.tr\/\",\"sameAs\":[\"https:\/\/www.facebook.com\/burcuzeminmarket\",\"https:\/\/www.instagram.com\/burcuzemin\/\",\"https:\/\/twitter.com\/burcu_zemin\"],\"logo\":{\"@type\":\"ImageObject\",\"@id\":\"https:\/\/burcuhali.com.tr\/#logo\",\"inLanguage\":\"en-US\",\"url\":\"http:\/\/burcuhali.com.tr\/wp-content\/uploads\/2019\/04\/logo.png\",\"contentUrl\":\"http:\/\/burcuhali.com.tr\/wp-content\/uploads\/2019\/04\/logo.png\",\"width\":112,\"height\":83,\"caption\":\"Burcu Carpet\"},\"image\":{\"@id\":\"https:\/\/burcuhali.com.tr\/#logo\"}},{\"@type\":\"WebSite\",\"@id\":\"https:\/\/burcuhali.com.tr\/#website\",\"url\":\"https:\/\/burcuhali.com.tr\/\",\"name\":\"Burcu Carpet Parquet and Building Materials\",\"description\":\"\",\"publisher\":{\"@id\":\"https:\/\/burcuhali.com.tr\/#organization\"},\"potentialAction\":[{\"@type\":\"SearchAction\",\"target\":{\"@type\":\"EntryPoint\",\"urlTemplate\":\"https:\/\/burcuhali.com.tr\/?s={search_term_string}\"},\"query-input\":\"required name=search_term_string\"}],\"inLanguage\":\"en-US\"},{\"@type\":\"WebPage\",\"@id\":\"https:\/\/burcuhali.com.tr\/en\/references\/#webpage\",\"url\":\"https:\/\/burcuhali.com.tr\/en\/references\/\",\"name\":\"REFERENCES - Burcu Hal\u0131 Parke ve Yap\u0131 Malzemeleri\",\"isPartOf\":{\"@id\":\"https:\/\/burcuhali.com.tr\/#website\"},\"datePublished\":\"2019-04-04T12:57:57+00:00\",\"dateModified\":\"2022-03-04T14:13:53+00:00\",\"breadcrumb\":{\"@id\":\"https:\/\/burcuhali.com.tr\/en\/references\/#breadcrumb\"},\"inLanguage\":\"en-US\",\"potentialAction\":[{\"@type\":\"ReadAction\",\"target\":[\"https:\/\/burcuhali.com.tr\/en\/references\/\"]}]},{\"@type\":\"BreadcrumbList\",\"@id\":\"https:\/\/burcuhali.com.tr\/en\/references\/#breadcrumb\",\"itemListElement\":[{\"@type\":\"ListItem\",\"position\":1,\"name\":\"Ana sayfa\",\"item\":\"https:\/\/burcuhali.com.tr\/en\/\"},{\"@type\":\"ListItem\",\"position\":2,\"name\":\"REFERENCES\"}]}]}<\/script>\n<!-- \/ Yoast SEO plugin. -->","yoast_head_json":{"title":"REFERENCES - Burcu Hal\u0131 Parke ve Yap\u0131 Malzemeleri","robots":{"index":"index","follow":"follow","max-snippet":"max-snippet:-1","max-image-preview":"max-image-preview:large","max-video-preview":"max-video-preview:-1"},"canonical":"https:\/\/burcuhali.com.tr\/en\/references\/","og_locale":"en_US","og_type":"article","og_title":"REFERENCES - Burcu Hal\u0131 Parke ve Yap\u0131 Malzemeleri","og_description":"[vc_row rt_row_background_width=&#8221;fullwidth&#8221; rt_row_content_width=&#8221;default&#8221; rt_row_style=&#8221;default-style&#8221; rt_row_height=&#8221;&#8221; rt_column_gaps=&#8221;&#8221; rt_row_shadows=&#8221;&#8221; rt_row_borders=&#8221;&#8221; rt_bg_effect=&#8221;classic&#8221; rt_bg_image_repeat=&#8221;repeat&#8221; rt_bg_size=&#8221;cover&#8221; rt_bg_position=&#8221;right top&#8221; rt_bg_attachment=&#8221;scroll&#8221; rt_bg_layer=&#8221;&#8221; rt_bg_video_format=&#8221;self-hosted&#8221;][vc_column rt_bg_effect=&#8221;classic&#8221; rt_bg_image_repeat=&#8221;repeat&#8221; rt_bg_size=&#8221;auto auto&#8221; rt_bg_position=&#8221;right top&#8221; rt_bg_attachment=&#8221;scroll&#8221;][vc_gallery type=&#8221;image_grid&#8221; images=&#8221;5019,5020,5021,5022,5023,5024,5025,5026,5027,5028,5029,5030,5031,5032,5033,5034,5035,5036,5037,5038,5039,5040,5041,5042,5043,5044,5045,5046,5047,5048,5049,5050,5051,5052,5053,5054,5055,5056,5057,5058,5059,5060,5061,5062,5063,5064,5065,5066,5067,5068,5069,5070,5071,5072,5073,5074,5075,5076,5077,5078,5079,5080,5081,5082,5083,5084,5085,5086,5087,5088,8122&#8243; img_size=&#8221;175&#215;175&#8243;][\/vc_column][\/vc_row][vc_row rt_row_background_width=&#8221;fullwidth&#8221; rt_row_content_width=&#8221;default&#8221; rt_row_style=&#8221;default-style&#8221; rt_row_height=&#8221;&#8221; rt_column_gaps=&#8221;&#8221; rt_row_shadows=&#8221;&#8221; rt_row_borders=&#8221;&#8221; rt_bg_effect=&#8221;classic&#8221; rt_bg_image_repeat=&#8221;repeat&#8221; rt_bg_size=&#8221;cover&#8221; rt_bg_position=&#8221;right top&#8221; rt_bg_attachment=&#8221;scroll&#8221; rt_bg_layer=&#8221;&#8221; rt_bg_video_format=&#8221;self-hosted&#8221;][vc_column rt_bg_effect=&#8221;classic&#8221; rt_bg_image_repeat=&#8221;repeat&#8221; rt_bg_size=&#8221;auto auto&#8221; rt_bg_position=&#8221;right top&#8221; rt_bg_attachment=&#8221;scroll&#8221;][vc_column_text] REFERENCES [\/vc_column_text][\/vc_column][\/vc_row][vc_row rt_row_background_width=&#8221;fullwidth&#8221; rt_row_content_width=&#8221;default&#8221; rt_row_style=&#8221;default-style&#8221; rt_row_height=&#8221;&#8221; rt_column_gaps=&#8221;&#8221; [&hellip;]","og_url":"https:\/\/burcuhali.com.tr\/en\/references\/","og_site_name":"Burcu Hal\u0131 Parke ve Yap\u0131 Malzemeleri","article_publisher":"https:\/\/www.facebook.com\/burcuzeminmarket","article_modified_time":"2022-03-04T14:13:53+00:00","twitter_card":"summary_large_image","twitter_site":"@burcu_zemin","twitter_misc":{"Est. reading time":"6 minutes"},"schema":{"@context":"https:\/\/schema.org","@graph":[{"@type":"Organization","@id":"https:\/\/burcuhali.com.tr\/#organization","name":"Burcu Carpet","url":"https:\/\/burcuhali.com.tr\/","sameAs":["https:\/\/www.facebook.com\/burcuzeminmarket","https:\/\/www.instagram.com\/burcuzemin\/","https:\/\/twitter.com\/burcu_zemin"],"logo":{"@type":"ImageObject","@id":"https:\/\/burcuhali.com.tr\/#logo","inLanguage":"en-US","url":"http:\/\/burcuhali.com.tr\/wp-content\/uploads\/2019\/04\/logo.png","contentUrl":"http:\/\/burcuhali.com.tr\/wp-content\/uploads\/2019\/04\/logo.png","width":112,"height":83,"caption":"Burcu Carpet"},"image":{"@id":"https:\/\/burcuhali.com.tr\/#logo"}},{"@type":"WebSite","@id":"https:\/\/burcuhali.com.tr\/#website","url":"https:\/\/burcuhali.com.tr\/","name":"Burcu Carpet Parquet and Building Materials","description":"","publisher":{"@id":"https:\/\/burcuhali.com.tr\/#organization"},"potentialAction":[{"@type":"SearchAction","target":{"@type":"EntryPoint","urlTemplate":"https:\/\/burcuhali.com.tr\/?s={search_term_string}"},"query-input":"required name=search_term_string"}],"inLanguage":"en-US"},{"@type":"WebPage","@id":"https:\/\/burcuhali.com.tr\/en\/references\/#webpage","url":"https:\/\/burcuhali.com.tr\/en\/references\/","name":"REFERENCES - Burcu Hal\u0131 Parke ve Yap\u0131 Malzemeleri","isPartOf":{"@id":"https:\/\/burcuhali.com.tr\/#website"},"datePublished":"2019-04-04T12:57:57+00:00","dateModified":"2022-03-04T14:13:53+00:00","breadcrumb":{"@id":"https:\/\/burcuhali.com.tr\/en\/references\/#breadcrumb"},"inLanguage":"en-US","potentialAction":[{"@type":"ReadAction","target":["https:\/\/burcuhali.com.tr\/en\/references\/"]}]},{"@type":"BreadcrumbList","@id":"https:\/\/burcuhali.com.tr\/en\/references\/#breadcrumb","itemListElement":[{"@type":"ListItem","position":1,"name":"Ana sayfa","item":"https:\/\/burcuhali.com.tr\/en\/"},{"@type":"ListItem","position":2,"name":"REFERENCES"}]}]}},"_links":{"self":[{"href":"https:\/\/burcuhali.com.tr\/en\/wp-json\/wp\/v2\/pages\/5999"}],"collection":[{"href":"https:\/\/burcuhali.com.tr\/en\/wp-json\/wp\/v2\/pages"}],"about":[{"href":"https:\/\/burcuhali.com.tr\/en\/wp-json\/wp\/v2\/types\/page"}],"author":[{"embeddable":true,"href":"https:\/\/burcuhali.com.tr\/en\/wp-json\/wp\/v2\/users\/1"}],"replies":[{"embeddable":true,"href":"https:\/\/burcuhali.com.tr\/en\/wp-json\/wp\/v2\/comments?post=5999"}],"version-history":[{"count":2,"href":"https:\/\/burcuhali.com.tr\/en\/wp-json\/wp\/v2\/pages\/5999\/revisions"}],"predecessor-version":[{"id":8126,"href":"https:\/\/burcuhali.com.tr\/en\/wp-json\/wp\/v2\/pages\/5999\/revisions\/8126"}],"wp:attachment":[{"href":"https:\/\/burcuhali.com.tr\/en\/wp-json\/wp\/v2\/media?parent=5999"}],"curies":[{"name":"wp","href":"https:\/\/api.w.org\/{rel}","templated":true}]}}